{"id":3,"date":"2023-12-18T23:21:30","date_gmt":"2023-12-18T23:21:30","guid":{"rendered":"https:\/\/www.itakhidigital.com\/?page_id=3"},"modified":"2024-02-15T18:05:01","modified_gmt":"2024-02-15T18:05:01","slug":"privacy-policy","status":"publish","type":"page","link":"https:\/\/itakhidigital.com\/es\/privacy-policy\/","title":{"rendered":"Pol\u00edticas de Privacidad"},"content":{"rendered":"<div data-elementor-type=\"wp-page\" data-elementor-id=\"3\" class=\"elementor elementor-3\" wpc-filter-elementor-widget=\"1\" data-elementor-post-type=\"page\">\n\t\t\t\t<div class=\"elementor-element elementor-element-39abf71f thin-container e-flex e-con-boxed e-con e-parent\" data-id=\"39abf71f\" data-element_type=\"container\" data-e-type=\"container\">\n\t\t\t\t\t<div class=\"e-con-inner\">\n\t\t<div class=\"elementor-element elementor-element-4646208 e-con-full e-flex e-con e-child\" data-id=\"4646208\" data-element_type=\"container\" data-e-type=\"container\">\n\t\t\t\t<div class=\"elementor-element elementor-element-6ffc2e44 elementor-widget elementor-widget-image\" data-id=\"6ffc2e44\" data-element_type=\"widget\" data-e-type=\"widget\" data-widget_type=\"image.default\">\n\t\t\t\t<div class=\"elementor-widget-container\">\n\t\t\t\t\t\t\t\t\t\t\t\t\t\t\t<img decoding=\"async\" width=\"74\" height=\"74\" src=\"https:\/\/itakhidigital.com\/wp-content\/uploads\/2024\/01\/Modo_de_aislamiento.png\" class=\"attachment-large size-large wp-image-303\" alt=\"Signature\" srcset=\"https:\/\/itakhidigital.com\/wp-content\/uploads\/2024\/01\/Modo_de_aislamiento.png 74w, https:\/\/itakhidigital.com\/wp-content\/uploads\/2024\/01\/Modo_de_aislamiento-12x12.png 12w\" sizes=\"(max-width: 74px) 100vw, 74px\" \/>\t\t\t\t\t\t\t\t\t\t\t\t\t\t\t<\/div>\n\t\t\t\t<\/div>\n\t\t\t\t<div class=\"elementor-element elementor-element-56458fb3 elementor-widget elementor-widget-heading\" data-id=\"56458fb3\" data-element_type=\"widget\" data-e-type=\"widget\" data-widget_type=\"heading.default\">\n\t\t\t\t<div class=\"elementor-widget-container\">\n\t\t\t\t\t<span class=\"elementor-heading-title elementor-size-default\">Legales<\/span>\t\t\t\t<\/div>\n\t\t\t\t<\/div>\n\t\t\t\t<\/div>\n\t\t<div class=\"elementor-element elementor-element-3546b460 e-con-full e-flex e-con e-child\" data-id=\"3546b460\" data-element_type=\"container\" data-e-type=\"container\">\n\t\t\t\t<div class=\"elementor-element elementor-element-7ab7ef7a elementor-widget elementor-widget-heading\" data-id=\"7ab7ef7a\" data-element_type=\"widget\" data-e-type=\"widget\" data-widget_type=\"heading.default\">\n\t\t\t\t<div class=\"elementor-widget-container\">\n\t\t\t\t\t<span class=\"elementor-heading-title elementor-size-default\">\u00daltima actualizaci\u00f3n:<\/span>\t\t\t\t<\/div>\n\t\t\t\t<\/div>\n\t\t\t\t<div class=\"elementor-element elementor-element-411dddf6 elementor-widget elementor-widget-heading\" data-id=\"411dddf6\" data-element_type=\"widget\" data-e-type=\"widget\" data-widget_type=\"heading.default\">\n\t\t\t\t<div class=\"elementor-widget-container\">\n\t\t\t\t\t<span class=\"elementor-heading-title elementor-size-default\">15 Feb 2024<\/span>\t\t\t\t<\/div>\n\t\t\t\t<\/div>\n\t\t\t\t<\/div>\n\t\t\t\t<div class=\"elementor-element elementor-element-568f1b2c elementor-widget elementor-widget-text-editor\" data-id=\"568f1b2c\" data-element_type=\"widget\" data-e-type=\"widget\" data-widget_type=\"text-editor.default\">\n\t\t\t\t<div class=\"elementor-widget-container\">\n\t\t\t\t\t\t\t\t\t<p>Tu privacidad es importante para nosotros en Itakhi. Respetamos tu privacidad con respecto a cualquier informaci\u00f3n que podamos recopilar de ti a trav\u00e9s de nuestro sitio web. Estas pol\u00edticas aplican a nuestro sitio web, <a href=\"https:\/\/itakhidigital.com\/es\/\" target=\"_blank\" rel=\"noopener noreferrer nofollow\">www.itakhidigital.com<\/a>, y otros sitios que operamos.<\/p>\n<p>La informaci\u00f3n personal es cualquier informaci\u00f3n sobre usted que pueda utilizarse para identificarle. Esto incluye informaci\u00f3n sobre usted como persona (como nombre, direcci\u00f3n y fecha de nacimiento), sus dispositivos, datos de pago e incluso informaci\u00f3n sobre c\u00f3mo utiliza un sitio web o un servicio en l\u00ednea.<\/p>\n<p>En caso de que nuestro sitio contenga enlaces a sitios y servicios de terceros, tenga en cuenta que dichos sitios y servicios tienen sus propias pol\u00edticas de privacidad. Despu\u00e9s de seguir un enlace a cualquier contenido de terceros, debe leer la informaci\u00f3n de su pol\u00edtica de privacidad publicada sobre c\u00f3mo recopilan y utilizan la informaci\u00f3n personal. Esta pol\u00edtica de privacidad no se aplica a ninguna de sus actividades despu\u00e9s de salir de nuestro sitio.<\/p>\n<p>Estas pol\u00edticas son efectivas desde el 22 de Enero del 2024<\/p>\n<h3>Informaci\u00f3n que recopilamos<\/h3>\n<p>La informaci\u00f3n que recogemos se clasifica en dos categor\u00edas: Informaci\u00f3n \"facilitada voluntariamente\" e informaci\u00f3n \"recopilada autom\u00e1ticamente\". La informaci\u00f3n \"facilitada voluntariamente\" se refiere a cualquier informaci\u00f3n que usted nos proporcione consciente y activamente al utilizar o participar en cualquiera de nuestros servicios y promociones.<\/p>\n<p>La informaci\u00f3n \"recopilada autom\u00e1ticamente\" se refiere a cualquier informaci\u00f3n enviada autom\u00e1ticamente por sus dispositivos en el curso del acceso a nuestros productos y servicios.<\/p>\n<h3>Datos de registro<\/h3>\n<p>Cuando visita nuestro sitio web, nuestros servidores pueden registrar autom\u00e1ticamente los datos est\u00e1ndar proporcionados por su navegador web. Puede incluir la direcci\u00f3n de protocolo de Internet (IP) de su dispositivo, el tipo y la versi\u00f3n de su navegador, las p\u00e1ginas que visita, la hora y la fecha de su visita, el tiempo que pasa en cada p\u00e1gina y otros detalles sobre su visita.<\/p>\n<p>Adem\u00e1s, si se encuentra con determinados errores al utilizar el sitio, podemos recopilar autom\u00e1ticamente datos sobre el error y las circunstancias que rodean su aparici\u00f3n. Estos datos pueden incluir detalles t\u00e9cnicos sobre su dispositivo, lo que estaba intentando hacer cuando se produjo el error y otra informaci\u00f3n t\u00e9cnica relacionada con el problema. Usted puede o no recibir notificaci\u00f3n de tales errores, incluso en el momento en que se producen, de que se han producido o de cu\u00e1l es la naturaleza del error.<\/p>\n<p>Tenga en cuenta que, si bien esta informaci\u00f3n puede no ser personalmente identificable por s\u00ed misma, puede ser posible combinarla con otros datos para identificar personalmente a personas concretas.<\/p>\n<h3>Datos del dispositivo<\/h3>\n<p>Cuando visita nuestro sitio web o interact\u00faa con nuestros servicios, podemos recopilar autom\u00e1ticamente datos sobre su dispositivo, como:<\/p>\n<ul>\n<li>Tipo de dispositivo<\/li>\n<li>Sistema operativo<\/li>\n<li>Identificador \u00fanico del dispositivo<\/li>\n<\/ul>\n<p>Los datos que recopilamos pueden depender de la configuraci\u00f3n individual de su dispositivo y software. Le recomendamos que consulte las pol\u00edticas del fabricante de su dispositivo o proveedor de software para saber qu\u00e9 informaci\u00f3n ponen a nuestra disposici\u00f3n.<\/p>\n<h3>Informaci\u00f3n Personal<\/h3>\n<p>Podemos solicitarle informaci\u00f3n personal -por ejemplo, cuando nos env\u00eda contenidos o cuando se pone en contacto con nosotros- que puede incluir uno o varios de los siguientes datos:<\/p>\n<ul>\n<li>Nombre<\/li>\n<li>Email<\/li>\n<\/ul>\n<h3>\u00a0<\/h3>\n<h3>Contenidos generados por los usuarios<\/h3>\n<p>Consideramos \"contenido generado por el usuario\" a los materiales (texto, imagen y\/o v\u00eddeo) que nuestros usuarios nos facilitan voluntariamente para su publicaci\u00f3n en nuestro sitio web o su republicaci\u00f3n en nuestros canales de redes sociales. Todos los contenidos generados por los usuarios est\u00e1n asociados a la cuenta o direcci\u00f3n de correo electr\u00f3nico utilizada para enviar los materiales.<\/p>\n<p>Tenga en cuenta que cualquier contenido que env\u00ede con fines de publicaci\u00f3n ser\u00e1 p\u00fablico tras su publicaci\u00f3n (y posterior revisi\u00f3n o proceso de investigaci\u00f3n). Una vez publicado, puede ser accesible a terceros no cubiertos por esta pol\u00edtica de privacidad.<\/p>\n<h3>Motivos leg\u00edtimos para tratar sus datos personales<\/h3>\n<p>S\u00f3lo recogemos y utilizamos sus datos personales cuando tenemos un motivo leg\u00edtimo para hacerlo. En ese caso, s\u00f3lo recogemos la informaci\u00f3n personal que es razonablemente necesaria para prestarle nuestros servicios.<\/p>\n<h3>Recolecci\u00f3n y uso de la informaci\u00f3n<\/h3>\n<p>Podemos recopilar informaci\u00f3n personal sobre usted cuando realice cualquiera de las siguientes acciones en nuestro sitio web:<\/p>\n<ul>\n<li>Registro de una cuenta<\/li>\n<li>inscripci\u00f3n para recibir informaci\u00f3n actualizada por correo electr\u00f3nico o en las redes sociales<\/li>\n<li>Uso de un dispositivo m\u00f3vil o un navegador web para acceder a nuestros contenidos<\/li>\n<li>Contacto con nosotros por correo electr\u00f3nico, redes sociales o tecnolog\u00edas similares<\/li>\n<li>Cuando nos menciona en redes sociales<\/li>\n<\/ul>\n<div>\u00a0<\/div>\n<p>Podemos recopilar, conservar, utilizar y divulgar informaci\u00f3n para los fines que se indican a continuaci\u00f3n, y la informaci\u00f3n personal no se tratar\u00e1 posteriormente de forma incompatible con dichos fines:<\/p>\n<ul>\n<li>para ofrecerle las principales funciones y servicios de nuestra plataforma<\/li>\n<li>para permitirle adaptar o personalizar su experiencia en nuestro sitio web<\/li>\n<li>para suministrarle productos y\/o servicios<\/li>\n<li>para ponernos en contacto y comunicarnos con usted<\/li>\n<li>para permitirle acceder y utilizar nuestro sitio web, las aplicaciones asociadas y las plataformas de medios sociales asociadas<\/li>\n<li>para cumplir nuestras obligaciones legales y resolver los litigios que podamos tener<\/li>\n<li>por motivos de seguridad y prevenci\u00f3n del fraude, y para garantizar que nuestros sitios y aplicaciones sean seguros y se utilicen de acuerdo con nuestras condiciones de uso<\/li>\n<\/ul>\n<div>\u00a0<\/div>\n<p>Podemos combinar informaci\u00f3n personal facilitada voluntariamente y recopilada autom\u00e1ticamente con informaci\u00f3n general o datos de investigaci\u00f3n que recibimos de otras fuentes de confianza. Por ejemplo, nuestras actividades de marketing e investigaci\u00f3n de mercado pueden revelar datos y perspectivas, que podemos combinar con informaci\u00f3n sobre c\u00f3mo los visitantes utilizan nuestro sitio para mejorar nuestro sitio y su experiencia en \u00e9l.<\/p>\n<h3>Contactanos:<\/h3>\n<p>Email: <a href=\"mailto:contacto@itakhidigital.com\">contacto@itakhidigital.com<\/a><\/p>\n<p>Gracias por su continuo apoyo, y esperamos que nuestro sitio web siga siendo un valioso recurso para usted.<\/p>\n<p>Sinceramente,<\/p>\n<p>Equipo de Itakhi<\/p>\t\t\t\t\t\t\t\t<\/div>\n\t\t\t\t<\/div>\n\t\t\t\t\t<\/div>\n\t\t\t\t<\/div>\n\t\t\t\t<\/div>","protected":false},"excerpt":{"rendered":"<p>Legals Last Updated: Your privacy is important to us. It is Itakhi&#8217;s policy to respect your privacy and comply with any applicable laws and regulations regarding the collection and processing of personal information. This Privacy Policy applies to our website, www.itakhidigital.com, and other sites we own and operate. Personal information is any information about you [&hellip;]<\/p>\n","protected":false},"author":1,"featured_media":0,"parent":0,"menu_order":0,"comment_status":"closed","ping_status":"closed","template":"elementor_header_footer","meta":{"_acf_changed":false,"footnotes":""},"class_list":["post-3","page","type-page","status-publish","hentry"],"acf":[],"_links":{"self":[{"href":"https:\/\/itakhidigital.com\/es\/wp-json\/wp\/v2\/pages\/3","targetHints":{"allow":["GET"]}}],"collection":[{"href":"https:\/\/itakhidigital.com\/es\/wp-json\/wp\/v2\/pages"}],"about":[{"href":"https:\/\/itakhidigital.com\/es\/wp-json\/wp\/v2\/types\/page"}],"author":[{"embeddable":true,"href":"https:\/\/itakhidigital.com\/es\/wp-json\/wp\/v2\/users\/1"}],"replies":[{"embeddable":true,"href":"https:\/\/itakhidigital.com\/es\/wp-json\/wp\/v2\/comments?post=3"}],"version-history":[{"count":7,"href":"https:\/\/itakhidigital.com\/es\/wp-json\/wp\/v2\/pages\/3\/revisions"}],"predecessor-version":[{"id":1465,"href":"https:\/\/itakhidigital.com\/es\/wp-json\/wp\/v2\/pages\/3\/revisions\/1465"}],"wp:attachment":[{"href":"https:\/\/itakhidigital.com\/es\/wp-json\/wp\/v2\/media?parent=3"}],"curies":[{"name":"wp","href":"https:\/\/api.w.org\/{rel}","templated":true}]}}