{"id":885,"date":"2024-01-22T22:35:10","date_gmt":"2024-01-22T22:35:10","guid":{"rendered":"https:\/\/www.itakhidigital.com\/?page_id=885"},"modified":"2024-04-01T11:18:18","modified_gmt":"2024-04-01T11:18:18","slug":"cookies-policy","status":"publish","type":"page","link":"https:\/\/itakhidigital.com\/es\/cookies-policy\/","title":{"rendered":"Pol\u00edticas de Cookies"},"content":{"rendered":"<div data-elementor-type=\"wp-page\" data-elementor-id=\"885\" class=\"elementor elementor-885\" wpc-filter-elementor-widget=\"1\" data-elementor-post-type=\"page\">\n\t\t\t\t<div class=\"elementor-element elementor-element-39abf71f thin-container e-flex e-con-boxed e-con e-parent\" data-id=\"39abf71f\" data-element_type=\"container\" data-e-type=\"container\">\n\t\t\t\t\t<div class=\"e-con-inner\">\n\t\t<div class=\"elementor-element elementor-element-4646208 e-con-full e-flex e-con e-child\" data-id=\"4646208\" data-element_type=\"container\" data-e-type=\"container\">\n\t\t\t\t<div class=\"elementor-element elementor-element-6ffc2e44 elementor-widget elementor-widget-image\" data-id=\"6ffc2e44\" data-element_type=\"widget\" data-e-type=\"widget\" data-widget_type=\"image.default\">\n\t\t\t\t<div class=\"elementor-widget-container\">\n\t\t\t\t\t\t\t\t\t\t\t\t\t\t\t<img decoding=\"async\" width=\"74\" height=\"74\" src=\"https:\/\/itakhidigital.com\/wp-content\/uploads\/2024\/01\/Modo_de_aislamiento.png\" class=\"attachment-large size-large wp-image-303\" alt=\"Signature\" srcset=\"https:\/\/itakhidigital.com\/wp-content\/uploads\/2024\/01\/Modo_de_aislamiento.png 74w, https:\/\/itakhidigital.com\/wp-content\/uploads\/2024\/01\/Modo_de_aislamiento-12x12.png 12w\" sizes=\"(max-width: 74px) 100vw, 74px\" \/>\t\t\t\t\t\t\t\t\t\t\t\t\t\t\t<\/div>\n\t\t\t\t<\/div>\n\t\t\t\t<div class=\"elementor-element elementor-element-56458fb3 elementor-widget elementor-widget-heading\" data-id=\"56458fb3\" data-element_type=\"widget\" data-e-type=\"widget\" data-widget_type=\"heading.default\">\n\t\t\t\t<div class=\"elementor-widget-container\">\n\t\t\t\t\t<span class=\"elementor-heading-title elementor-size-default\">Legales<\/span>\t\t\t\t<\/div>\n\t\t\t\t<\/div>\n\t\t\t\t<\/div>\n\t\t<div class=\"elementor-element elementor-element-3546b460 e-con-full e-flex e-con e-child\" data-id=\"3546b460\" data-element_type=\"container\" data-e-type=\"container\">\n\t\t\t\t<div class=\"elementor-element elementor-element-7ab7ef7a elementor-widget elementor-widget-heading\" data-id=\"7ab7ef7a\" data-element_type=\"widget\" data-e-type=\"widget\" data-widget_type=\"heading.default\">\n\t\t\t\t<div class=\"elementor-widget-container\">\n\t\t\t\t\t<span class=\"elementor-heading-title elementor-size-default\">\u00daltima actualizaci\u00f3n:<\/span>\t\t\t\t<\/div>\n\t\t\t\t<\/div>\n\t\t\t\t<div class=\"elementor-element elementor-element-411dddf6 elementor-widget elementor-widget-heading\" data-id=\"411dddf6\" data-element_type=\"widget\" data-e-type=\"widget\" data-widget_type=\"heading.default\">\n\t\t\t\t<div class=\"elementor-widget-container\">\n\t\t\t\t\t<span class=\"elementor-heading-title elementor-size-default\">1 Abr 2024<\/span>\t\t\t\t<\/div>\n\t\t\t\t<\/div>\n\t\t\t\t<\/div>\n\t\t\t\t<div class=\"elementor-element elementor-element-568f1b2c elementor-widget elementor-widget-text-editor\" data-id=\"568f1b2c\" data-element_type=\"widget\" data-e-type=\"widget\" data-widget_type=\"text-editor.default\">\n\t\t\t\t<div class=\"elementor-widget-container\">\n\t\t\t\t\t\t\t\t\t<p>Itakhi proporciona informaci\u00f3n sobre el uso de cookies en su sitio web: <a href=\"https:\/\/itakhidigital.com\/es\/\" target=\"_blank\" rel=\"noopener noreferrer nofollow\">https:\/\/www.itakhidigital.com\/<\/a><\/p>\n<h3>Qu\u00e9 son las cookies?<\/h3>\n<p>Las cookies son archivos que pueden descargarse en su ordenador a trav\u00e9s de los sitios web. Son herramientas que desempe\u00f1an un papel esencial en la prestaci\u00f3n de numerosos servicios de la sociedad de la informaci\u00f3n.<\/p>\n<p>Entre otras cosas, permiten a una p\u00e1gina web almacenar y recuperar informaci\u00f3n sobre los h\u00e1bitos de navegaci\u00f3n de un usuario o de su equipo y, dependiendo de la informaci\u00f3n obtenida, se pueden utilizar para reconocer al usuario y mejorar el servicio ofrecido.<\/p>\n<h3>Tipos de cookies<\/h3>\n<p>Dependiendo de la entidad que gestione el dominio desde el que se env\u00edan las cookies y procese los datos obtenidos, se pueden distinguir dos tipos:<\/p>\n<ol>\n<li><b>Cookies de primeros<\/b>: los enviados al terminal del usuario desde un dispositivo o dominio gestionado por el propio editor y desde el que se presta el servicio solicitado.<\/li>\n<li><b>Cookies de terceros<\/b>: las que se env\u00edan al terminal del usuario desde un equipo o dominio que no es gestionado por el editor, sino por otra entidad que trata los datos obtenidos a trav\u00e9s de las cookies.<\/li>\n<\/ol><div><br><\/div>\n<p>Si las cookies se instalan desde un dispositivo o dominio gestionado por el editor, pero la informaci\u00f3n que se recoge a trav\u00e9s de ellas es gestionada por un tercero, no pueden considerarse cookies de origen.<\/p>\n<p>Tambi\u00e9n existe una segunda clasificaci\u00f3n basada en el tiempo que permanecen almacenados en el navegador del cliente:<\/p>\n<ol>\n<li><b>Cookies de sesi\u00f3n<\/b>: dise\u00f1adas para recoger y almacenar datos mientras el usuario accede a un sitio web. Suelen utilizarse para almacenar informaci\u00f3n que solo interesa conservar para la prestaci\u00f3n del servicio solicitado en una sola ocasi\u00f3n (por ejemplo, una lista de productos comprados).<\/li>\n<li><b>Cookies persistentes<\/b>: los datos permanecen almacenados en el terminal y se puede acceder a ellos y procesarlos durante un periodo definido por el responsable de la cookie, que puede variar entre unos minutos y varios a\u00f1os.<\/li>\n<\/ol>\n<div>&nbsp;<\/div>\n<p>Por \u00faltimo, existe otra clasificaci\u00f3n con seis tipos de cookies seg\u00fan la finalidad para la que se traten los datos obtenidos:<\/p>\n<ol>\n<li><b>Cookies t\u00e9cnicas<\/b>: permiten al usuario la navegaci\u00f3n a trav\u00e9s de una p\u00e1gina web, plataforma o aplicaci\u00f3n y la utilizaci\u00f3n de las diferentes opciones o servicios que en ella existen como, por ejemplo, controlar el tr\u00e1fico y la comunicaci\u00f3n de datos, identificar la sesi\u00f3n, acceder a partes de acceso restringido, recordar elementos de un pedido, completar el proceso de compra de un pedido, solicitar la inscripci\u00f3n o participaci\u00f3n en un evento, utilizar elementos de seguridad durante la navegaci\u00f3n, almacenar contenidos para su difusi\u00f3n en v\u00eddeo o sonido o compartir contenidos a trav\u00e9s de redes sociales.<\/li>\n<li><b>Cookies de personalizaci\u00f3n<\/b>: permiten al usuario acceder al servicio con algunas caracter\u00edsticas de car\u00e1cter general predefinidas en funci\u00f3n de una serie de criterios en el terminal del usuario como por ejemplo el idioma, el tipo de navegador a trav\u00e9s del cual accede al servicio, la configuraci\u00f3n regional desde donde accede al servicio, etc.<\/li>\n<li><b>Cookies anal\u00edticas<\/b>: permiten al responsable del tratamiento el seguimiento y an\u00e1lisis del comportamiento de los usuarios de los sitios web a los que est\u00e1n vinculadas. La informaci\u00f3n recogida mediante este tipo de cookies se utiliza en la medici\u00f3n de la actividad de los sitios web, aplicaci\u00f3n o plataforma y para la elaboraci\u00f3n de perfiles de navegaci\u00f3n de los usuarios de dichos sitios, aplicaciones y plataformas, con el fin de introducir mejoras en funci\u00f3n del an\u00e1lisis de los datos de uso que hacen los usuarios del servicio.<\/li>\n<li><b>Cookies publicitarias<\/b>: permiten la gesti\u00f3n m\u00e1s eficaz de los espacios publicitarios.<\/li>\n<li><b>Cookies de publicidad comportamental<\/b>: almacenan informaci\u00f3n sobre el comportamiento de los usuarios obtenida mediante la observaci\u00f3n continua de sus h\u00e1bitos de navegaci\u00f3n, lo que permite elaborar un perfil espec\u00edfico para mostrar publicidad basada en \u00e9l.<\/li>\n<li><b>Cookies de redes sociales externas<\/b>: utilizadas para que los visitantes puedan interactuar con el contenido de diferentes plataformas sociales (Facebook, YouTube, Twitter, LinkedIn, etc.) y se generan \u00fanicamente para los usuarios de dichas redes sociales. Las condiciones de uso de estas cookies y la informaci\u00f3n recopilada est\u00e1n reguladas por la pol\u00edtica de privacidad de la plataforma social correspondiente.<\/li>\n<\/ol>\n<h3>Desactivaci\u00f3n y eliminaci\u00f3n de cookies<\/h3>\n<p>Usted tiene la opci\u00f3n de permitir, bloquear o eliminar las cookies instaladas en su equipo mediante la configuraci\u00f3n de las opciones del navegador instalado en su dispositivo. Al desactivar las cookies, es posible que algunos de los servicios disponibles dejen de funcionar. La forma de desactivar las cookies es diferente para cada navegador, pero normalmente se puede hacer desde el men\u00fa Herramientas u Opciones. Tambi\u00e9n puede consultar el men\u00fa Ayuda del navegador para obtener instrucciones. Los usuarios pueden elegir qu\u00e9 cookies quieren que funcionen en este sitio web en cualquier momento.<\/p>\n<p>Usted puede permitir, bloquear o eliminar las cookies instaladas en su equipo mediante la configuraci\u00f3n de las opciones del navegador instalado en su ordenador:<\/p>\n<ul>\n<li><b>Microsoft Internet Explorer <\/b>o<b> Microsoft Edge<\/b>:&nbsp;<a href=\"http:\/\/windows.microsoft.com\/es-es\/windows-vista\/Block-or-allow-cookies\" target=\"_blank\" rel=\"noopener noreferrer nofollow\">http:\/\/windows.microsoft.com\/es-es\/windows-vista\/Block-or-allow-cookies<\/a><\/li>\n<li><b>Mozilla Firefox<\/b>:&nbsp;<a href=\"https:\/\/support.mozilla.org\/en-US\/kb\/clear-cookies-and-site-data-firefox\" target=\"_blank\" rel=\"noopener noreferrer nofollow\">https:\/\/support.mozilla.org\/en-US\/kb\/clear-cookies-and-site-data-firefox<\/a><\/li>\n<li><b>Chrome<\/b>:&nbsp;<a href=\"https:\/\/support.google.com\/accounts\/answer\/61416?hl=en\" target=\"_blank\" rel=\"noopener noreferrer nofollow\">https:\/\/support.google.com\/accounts\/answer\/61416?hl=en<\/a><\/li>\n<li><b>Safari<\/b>:&nbsp;<a href=\"http:\/\/safari.helpmax.net\/en\/privacy-and-security\/removing-cookies\/\" target=\"_blank\" rel=\"noopener noreferrer nofollow\">http:\/\/safari.helpmax.net\/en\/privacy-and-security\/removing-cookies\/<\/a><\/li>\n<li><b>Opera<\/b>:&nbsp;<a href=\"https:\/\/help.opera.com\/en\/latest\/web-preferences\/#cookies\" target=\"_blank\" rel=\"noopener noreferrer nofollow\">https:\/\/help.opera.com\/en\/latest\/web-preferences\/#cookies<\/a><\/li>\n<\/ul>\n<div>&nbsp;<\/div>\n<p>Adem\u00e1s, tambi\u00e9n puede gestionar el almac\u00e9n de cookies de su navegador a trav\u00e9s de herramientas como:<\/p>\n<ul>\n<li><b>Ghostery<\/b>:&nbsp;<a href=\"http:\/\/www.ghostery.com\" target=\"_blank\" rel=\"noopener noreferrer nofollow\">www.ghostery.com<\/a><\/li>\n<li><b>Your online choices<\/b>:&nbsp;<a href=\"https:\/\/www.youronlinechoices.com\" target=\"_blank\" rel=\"noopener noreferrer nofollow\">https:\/\/www.youronlinechoices.com<\/a><\/li>\n<\/ul>\n<div>&nbsp;<\/div>\n<h3>Cookies utilizadas en itakhidigital.com<\/h3>\n<p>A continuaci\u00f3n se detallan las cookies que se est\u00e1n utilizando en este portal, junto con su tipolog\u00eda y funci\u00f3n:<\/p>\n<ol>\n<li><b>Cookies esenciales<\/b>: necesarias para el funcionamiento m\u00ednimo del sitio web, como guardar la preferencia de uso de cookies del usuario.<\/li>\n<li><b>Cookies de terceros<\/b>: este sitio web utiliza Google Analytics y Hotjar para ofrecer una experiencia de usuario m\u00e1s \u00f3ptima mediante la recopilaci\u00f3n de datos de navegaci\u00f3n del usuario. Estas cookies pueden desactivarse desde el men\u00fa de configuraci\u00f3n de cookies.<\/li>\n<\/ol>\n<h3>Aceptaci\u00f3n de la pol\u00edtica de cookies<\/h3>\n<p>itakhidigital.com asume que usted acepta el uso de cookies. No obstante, proporciona informaci\u00f3n sobre su Pol\u00edtica de cookies en la parte inferior o superior de cualquier p\u00e1gina del portal con cada inicio de sesi\u00f3n para su conocimiento.<\/p>\n<p>En respuesta a esta informaci\u00f3n, puede tomar las siguientes medidas:<\/p>\n<ul>\n<li><b style=\"font-family: var( --e-global-typography-text-font-family ), Sans-serif; text-align: var(--text-align); background-color: var(--nv-site-bg); color: var(--nv-text-color); font-size: var(--bodyfontsize); letter-spacing: var(--bodyletterspacing); text-transform: var(--bodytexttransform);\">Aceptar cookies<\/b><span style=\"font-family: var( --e-global-typography-text-font-family ), Sans-serif; font-weight: var( --e-global-typography-text-font-weight ); text-align: var(--text-align); background-color: var(--nv-site-bg); color: var(--nv-text-color); font-size: var(--bodyfontsize); letter-spacing: var(--bodyletterspacing); text-transform: var(--bodytexttransform);\">: Este aviso no se volver\u00e1 a mostrar al acceder a cualquier p\u00e1gina del portal durante la sesi\u00f3n actual.<\/span><\/li>\n<li><span style=\"font-family: var( --e-global-typography-text-font-family ), Sans-serif; text-align: var(--text-align); background-color: var(--nv-site-bg); color: var(--nv-text-color); font-size: var(--bodyfontsize); letter-spacing: var(--bodyletterspacing); text-transform: var(--bodytexttransform);\"><b>Cerrar<\/b><\/span><span style=\"font-family: var( --e-global-typography-text-font-family ), Sans-serif; font-weight: var( --e-global-typography-text-font-weight ); text-align: var(--text-align); background-color: var(--nv-site-bg); color: var(--nv-text-color); font-size: var(--bodyfontsize); letter-spacing: var(--bodyletterspacing); text-transform: var(--bodytexttransform);\">: El aviso est\u00e1 oculto en la p\u00e1gina actual.<\/span><\/li>\n<li><span style=\"font-family: var( --e-global-typography-text-font-family ), Sans-serif; text-align: var(--text-align); background-color: var(--nv-site-bg); color: var(--nv-text-color); font-size: var(--bodyfontsize); letter-spacing: var(--bodyletterspacing); text-transform: var(--bodytexttransform);\"><b>Modificar la configuraci\u00f3n<\/b><\/span><span style=\"font-family: var( --e-global-typography-text-font-family ), Sans-serif; font-weight: var( --e-global-typography-text-font-weight ); text-align: var(--text-align); background-color: var(--nv-site-bg); color: var(--nv-text-color); font-size: var(--bodyfontsize); letter-spacing: var(--bodyletterspacing); text-transform: var(--bodytexttransform);\">: Puede obtener m\u00e1s informaci\u00f3n sobre qu\u00e9 son las cookies, conocer la Pol\u00edtica de Cookies de <a href=\"https:\/\/itakhidigital.com\/es\/\" target=\"_blank\" rel=\"noopener noreferrer nofollow\">https:\/\/www.itakhidigital.com\/<\/a>y modifique la configuraci\u00f3n de su navegador.<\/span><\/li>\n<\/ul>\t\t\t\t\t\t\t\t<\/div>\n\t\t\t\t<\/div>\n\t\t\t\t\t<\/div>\n\t\t\t\t<\/div>\n\t\t\t\t<\/div>","protected":false},"excerpt":{"rendered":"<p>Legals Last Updated: Itakhi provides information about the use of cookies on its website: https:\/\/www.itakhidigital.com\/ What are cookies? Cookies are files that can be downloaded to your computer through websites. They are tools that play an essential role in providing numerous services of the information society. Among other things, they allow a website to store [&hellip;]<\/p>\n","protected":false},"author":1,"featured_media":0,"parent":0,"menu_order":0,"comment_status":"closed","ping_status":"closed","template":"elementor_header_footer","meta":{"_acf_changed":false,"footnotes":""},"class_list":["post-885","page","type-page","status-publish","hentry"],"acf":[],"_links":{"self":[{"href":"https:\/\/itakhidigital.com\/es\/wp-json\/wp\/v2\/pages\/885","targetHints":{"allow":["GET"]}}],"collection":[{"href":"https:\/\/itakhidigital.com\/es\/wp-json\/wp\/v2\/pages"}],"about":[{"href":"https:\/\/itakhidigital.com\/es\/wp-json\/wp\/v2\/types\/page"}],"author":[{"embeddable":true,"href":"https:\/\/itakhidigital.com\/es\/wp-json\/wp\/v2\/users\/1"}],"replies":[{"embeddable":true,"href":"https:\/\/itakhidigital.com\/es\/wp-json\/wp\/v2\/comments?post=885"}],"version-history":[{"count":12,"href":"https:\/\/itakhidigital.com\/es\/wp-json\/wp\/v2\/pages\/885\/revisions"}],"predecessor-version":[{"id":3694,"href":"https:\/\/itakhidigital.com\/es\/wp-json\/wp\/v2\/pages\/885\/revisions\/3694"}],"wp:attachment":[{"href":"https:\/\/itakhidigital.com\/es\/wp-json\/wp\/v2\/media?parent=885"}],"curies":[{"name":"wp","href":"https:\/\/api.w.org\/{rel}","templated":true}]}}